{"id":134,"date":"2017-09-07T15:30:06","date_gmt":"2017-09-07T14:30:06","guid":{"rendered":"http:\/\/florian.qrious.de\/?page_id=134"},"modified":"2024-11-25T22:34:22","modified_gmt":"2024-11-25T22:34:22","slug":"tcs","status":"publish","type":"page","link":"https:\/\/florianweber.net\/de\/tcs\/","title":{"rendered":"Impressum"},"content":{"rendered":"<p>[et_pb_section fb_built=&#8220;1&#8243; _builder_version=&#8220;4.16&#8243; global_colors_info=&#8220;{}&#8220;][et_pb_row _builder_version=&#8220;4.16&#8243; background_size=&#8220;initial&#8220; background_position=&#8220;top_left&#8220; background_repeat=&#8220;repeat&#8220; global_colors_info=&#8220;{}&#8220;][et_pb_column type=&#8220;4_4&#8243; _builder_version=&#8220;4.16&#8243; custom_padding=&#8220;|||&#8220; global_colors_info=&#8220;{}&#8220; custom_padding__hover=&#8220;|||&#8220;][et_pb_blurb _builder_version=&#8220;4.23.1&#8243; global_colors_info=&#8220;{}&#8220;]<\/p>\n<p><strong>Q-rious Music<\/strong><\/p>\n<p>Qrious Music \/ Stefan Gross<br \/>Neue Maastrichter Str. 12-14<br \/>50672 K\u00f6ln<\/p>\n<p>Tel.: 49(221)500859-0<br \/>Fax : 49(221)500859-10<br \/>E-Mail: <a href=\"mailto:info@qrious.de\" target=\"_blank\" rel=\"noopener noreferrer\">info@qrious.de<\/a><br \/>E-Mail:\u00a0<a href=\"mailto:office@florianweber.net\" target=\"_blank\" rel=\"noopener noreferrer\">office@florianweber.net<\/a><\/p>\n<p><strong>Verantwortlich<\/strong><\/p>\n<p>Gesch\u00e4ftsf\u00fchrer: Stefan Gro\u00df, Neue Maastrichterstr. 12-14\u00a0 50672 K\u00f6ln<br \/>Steuernr.: 5215 5057 2813. K\u00f6ln-Mitte: UStIdentnr.: DE813448986<br \/>inhaltlich verantwortlich (gem. \u00a7 6 MDStV): Stefan Gro\u00df<\/p>\n<p><strong>Haftungshinweis<\/strong><\/p>\n<p>Trotz sorgf\u00e4ltiger inhaltlicher Kontrolle \u00fcbernehmen wir keine Haftung f\u00fcr die Inhalte externer Links. F\u00fcr den Inhalt der verlinkten Seiten sind ausschlie\u00dflich deren Betreiber verantwortlich.<\/p>\n<p>[\/et_pb_blurb][\/et_pb_column][\/et_pb_row][\/et_pb_section][et_pb_section fb_built=&#8220;1&#8243; _builder_version=&#8220;4.16&#8243; global_colors_info=&#8220;{}&#8220;][\/et_pb_section][et_pb_section fb_built=&#8220;1&#8243; _builder_version=&#8220;4.23.1&#8243; _module_preset=&#8220;default&#8220; global_colors_info=&#8220;{}&#8220;][et_pb_row _builder_version=&#8220;4.23.1&#8243; _module_preset=&#8220;default&#8220; global_colors_info=&#8220;{}&#8220;][et_pb_column type=&#8220;4_4&#8243; _builder_version=&#8220;4.23.1&#8243; _module_preset=&#8220;default&#8220; global_colors_info=&#8220;{}&#8220;][:en _i=&#8220;0&#8243; _address=&#8220;2.0.0.0&#8243; theme_builder_area=&#8220;post_content&#8220; \/][:de _i=&#8220;1&#8243; _address=&#8220;2.0.0.1&#8243; theme_builder_area=&#8220;post_content&#8220; \/][: _i=&#8220;2&#8243; _address=&#8220;2.0.0.2&#8243; theme_builder_area=&#8220;post_content&#8220; \/][\/et_pb_column][\/et_pb_row][\/et_pb_section]<\/p>\n","protected":false},"excerpt":{"rendered":"<p>Q-rious Music Qrious Music \/ Stefan GrossNeue Maastrichter Str. 12-1450672 K\u00f6ln Tel.: 49(221)500859-0Fax : 49(221)500859-10E-Mail: info@qrious.deE-Mail:\u00a0office@florianweber.net Verantwortlich Gesch\u00e4ftsf\u00fchrer: Stefan Gro\u00df, Neue Maastrichterstr. 12-14\u00a0 50672 K\u00f6lnSteuernr.: 5215 5057 2813. K\u00f6ln-Mitte: UStIdentnr.: DE813448986inhaltlich verantwortlich (gem. \u00a7 6 MDStV): Stefan Gro\u00df Haftungshinweis Trotz sorgf\u00e4ltiger inhaltlicher Kontrolle \u00fcbernehmen wir keine Haftung f\u00fcr die Inhalte externer Links. F\u00fcr den Inhalt [&hellip;]<\/p>\n","protected":false},"author":1,"featured_media":0,"parent":0,"menu_order":0,"comment_status":"closed","ping_status":"closed","template":"","meta":{"_et_pb_use_builder":"on","_et_pb_old_content":"","_et_gb_content_width":"","footnotes":""},"class_list":["post-134","page","type-page","status-publish","hentry"],"yoast_head":"<!-- This site is optimized with the Yoast SEO plugin v26.5 - https:\/\/yoast.com\/wordpress\/plugins\/seo\/ -->\n<title>Impressum - Florian Weber Official<\/title>\n<meta name=\"robots\" content=\"index, follow, max-snippet:-1, max-image-preview:large, max-video-preview:-1\" \/>\n<link rel=\"canonical\" href=\"https:\/\/florianweber.net\/de\/tcs\/\" \/>\n<meta property=\"og:locale\" content=\"de_DE\" \/>\n<meta property=\"og:type\" content=\"article\" \/>\n<meta property=\"og:title\" content=\"Impressum - Florian Weber Official\" \/>\n<meta property=\"og:description\" content=\"Q-rious Music Qrious Music \/ Stefan GrossNeue Maastrichter Str. 12-1450672 K\u00f6ln Tel.: 49(221)500859-0Fax : 49(221)500859-10E-Mail: info@qrious.deE-Mail:\u00a0office@florianweber.net Verantwortlich Gesch\u00e4ftsf\u00fchrer: Stefan Gro\u00df, Neue Maastrichterstr. 12-14\u00a0 50672 K\u00f6lnSteuernr.: 5215 5057 2813. K\u00f6ln-Mitte: UStIdentnr.: DE813448986inhaltlich verantwortlich (gem. \u00a7 6 MDStV): Stefan Gro\u00df Haftungshinweis Trotz sorgf\u00e4ltiger inhaltlicher Kontrolle \u00fcbernehmen wir keine Haftung f\u00fcr die Inhalte externer Links. F\u00fcr den Inhalt [&hellip;]\" \/>\n<meta property=\"og:url\" content=\"https:\/\/florianweber.net\/de\/tcs\/\" \/>\n<meta property=\"og:site_name\" content=\"Florian Weber Official\" \/>\n<meta property=\"article:modified_time\" content=\"2024-11-25T22:34:22+00:00\" \/>\n<meta name=\"twitter:card\" content=\"summary_large_image\" \/>\n<meta name=\"twitter:label1\" content=\"Gesch\u00e4tzte Lesezeit\" \/>\n\t<meta name=\"twitter:data1\" content=\"1\u00a0Minute\" \/>\n<script type=\"application\/ld+json\" class=\"yoast-schema-graph\">{\"@context\":\"https:\/\/schema.org\",\"@graph\":[{\"@type\":\"WebPage\",\"@id\":\"https:\/\/florianweber.net\/de\/tcs\/\",\"url\":\"https:\/\/florianweber.net\/de\/tcs\/\",\"name\":\"Impressum - Florian Weber Official\",\"isPartOf\":{\"@id\":\"https:\/\/florianweber.net\/de\/#website\"},\"datePublished\":\"2017-09-07T14:30:06+00:00\",\"dateModified\":\"2024-11-25T22:34:22+00:00\",\"breadcrumb\":{\"@id\":\"https:\/\/florianweber.net\/de\/tcs\/#breadcrumb\"},\"inLanguage\":\"de\",\"potentialAction\":[{\"@type\":\"ReadAction\",\"target\":[\"https:\/\/florianweber.net\/de\/tcs\/\"]}]},{\"@type\":\"BreadcrumbList\",\"@id\":\"https:\/\/florianweber.net\/de\/tcs\/#breadcrumb\",\"itemListElement\":[{\"@type\":\"ListItem\",\"position\":1,\"name\":\"Home\",\"item\":\"https:\/\/florianweber.net\/de\/\"},{\"@type\":\"ListItem\",\"position\":2,\"name\":\"Impressum\"}]},{\"@type\":\"WebSite\",\"@id\":\"https:\/\/florianweber.net\/de\/#website\",\"url\":\"https:\/\/florianweber.net\/de\/\",\"name\":\"Florian Weber Official\",\"description\":\"Florian Weber Official Site\",\"potentialAction\":[{\"@type\":\"SearchAction\",\"target\":{\"@type\":\"EntryPoint\",\"urlTemplate\":\"https:\/\/florianweber.net\/de\/?s={search_term_string}\"},\"query-input\":{\"@type\":\"PropertyValueSpecification\",\"valueRequired\":true,\"valueName\":\"search_term_string\"}}],\"inLanguage\":\"de\"}]}<\/script>\n<!-- \/ Yoast SEO plugin. -->","yoast_head_json":{"title":"Impressum - Florian Weber Official","robots":{"index":"index","follow":"follow","max-snippet":"max-snippet:-1","max-image-preview":"max-image-preview:large","max-video-preview":"max-video-preview:-1"},"canonical":"https:\/\/florianweber.net\/de\/tcs\/","og_locale":"de_DE","og_type":"article","og_title":"Impressum - Florian Weber Official","og_description":"Q-rious Music Qrious Music \/ Stefan GrossNeue Maastrichter Str. 12-1450672 K\u00f6ln Tel.: 49(221)500859-0Fax : 49(221)500859-10E-Mail: info@qrious.deE-Mail:\u00a0office@florianweber.net Verantwortlich Gesch\u00e4ftsf\u00fchrer: Stefan Gro\u00df, Neue Maastrichterstr. 12-14\u00a0 50672 K\u00f6lnSteuernr.: 5215 5057 2813. K\u00f6ln-Mitte: UStIdentnr.: DE813448986inhaltlich verantwortlich (gem. \u00a7 6 MDStV): Stefan Gro\u00df Haftungshinweis Trotz sorgf\u00e4ltiger inhaltlicher Kontrolle \u00fcbernehmen wir keine Haftung f\u00fcr die Inhalte externer Links. F\u00fcr den Inhalt [&hellip;]","og_url":"https:\/\/florianweber.net\/de\/tcs\/","og_site_name":"Florian Weber Official","article_modified_time":"2024-11-25T22:34:22+00:00","twitter_card":"summary_large_image","twitter_misc":{"Gesch\u00e4tzte Lesezeit":"1\u00a0Minute"},"schema":{"@context":"https:\/\/schema.org","@graph":[{"@type":"WebPage","@id":"https:\/\/florianweber.net\/de\/tcs\/","url":"https:\/\/florianweber.net\/de\/tcs\/","name":"Impressum - Florian Weber Official","isPartOf":{"@id":"https:\/\/florianweber.net\/de\/#website"},"datePublished":"2017-09-07T14:30:06+00:00","dateModified":"2024-11-25T22:34:22+00:00","breadcrumb":{"@id":"https:\/\/florianweber.net\/de\/tcs\/#breadcrumb"},"inLanguage":"de","potentialAction":[{"@type":"ReadAction","target":["https:\/\/florianweber.net\/de\/tcs\/"]}]},{"@type":"BreadcrumbList","@id":"https:\/\/florianweber.net\/de\/tcs\/#breadcrumb","itemListElement":[{"@type":"ListItem","position":1,"name":"Home","item":"https:\/\/florianweber.net\/de\/"},{"@type":"ListItem","position":2,"name":"Impressum"}]},{"@type":"WebSite","@id":"https:\/\/florianweber.net\/de\/#website","url":"https:\/\/florianweber.net\/de\/","name":"Florian Weber Official","description":"Florian Weber Official Site","potentialAction":[{"@type":"SearchAction","target":{"@type":"EntryPoint","urlTemplate":"https:\/\/florianweber.net\/de\/?s={search_term_string}"},"query-input":{"@type":"PropertyValueSpecification","valueRequired":true,"valueName":"search_term_string"}}],"inLanguage":"de"}]}},"_links":{"self":[{"href":"https:\/\/florianweber.net\/de\/wp-json\/wp\/v2\/pages\/134","targetHints":{"allow":["GET"]}}],"collection":[{"href":"https:\/\/florianweber.net\/de\/wp-json\/wp\/v2\/pages"}],"about":[{"href":"https:\/\/florianweber.net\/de\/wp-json\/wp\/v2\/types\/page"}],"author":[{"embeddable":true,"href":"https:\/\/florianweber.net\/de\/wp-json\/wp\/v2\/users\/1"}],"replies":[{"embeddable":true,"href":"https:\/\/florianweber.net\/de\/wp-json\/wp\/v2\/comments?post=134"}],"version-history":[{"count":6,"href":"https:\/\/florianweber.net\/de\/wp-json\/wp\/v2\/pages\/134\/revisions"}],"predecessor-version":[{"id":11261,"href":"https:\/\/florianweber.net\/de\/wp-json\/wp\/v2\/pages\/134\/revisions\/11261"}],"wp:attachment":[{"href":"https:\/\/florianweber.net\/de\/wp-json\/wp\/v2\/media?parent=134"}],"curies":[{"name":"wp","href":"https:\/\/api.w.org\/{rel}","templated":true}]}}