{"id":11219,"date":"2017-09-07T15:29:27","date_gmt":"2017-09-07T14:29:27","guid":{"rendered":"https:\/\/florianweber.net\/kontakt\/"},"modified":"2025-12-16T14:12:42","modified_gmt":"2025-12-16T14:12:42","slug":"kontakt","status":"publish","type":"page","link":"https:\/\/florianweber.net\/de\/kontakt\/","title":{"rendered":"Kontakt"},"content":{"rendered":"<p>[et_pb_section fb_built=&#8220;1&#8243; admin_label=&#8220;section&#8220; _builder_version=&#8220;4.16&#8243; global_colors_info=&#8220;{}&#8220;][et_pb_row admin_label=&#8220;Zeile&#8220; _builder_version=&#8220;4.16&#8243; background_color=&#8220;#ffffff&#8220; background_size=&#8220;initial&#8220; background_position=&#8220;top_left&#8220; background_repeat=&#8220;repeat&#8220; custom_padding=&#8220;20px|20px|20px|20px&#8220; global_colors_info=&#8220;{}&#8220;][et_pb_column type=&#8220;4_4&#8243; _builder_version=&#8220;4.16&#8243; custom_padding=&#8220;|||&#8220; global_colors_info=&#8220;{}&#8220; custom_padding__hover=&#8220;|||&#8220;][et_pb_text _builder_version=&#8220;4.16&#8243; background_size=&#8220;initial&#8220; background_position=&#8220;top_left&#8220; background_repeat=&#8220;repeat&#8220; global_colors_info=&#8220;{}&#8220;][\/et_pb_text][et_pb_text _builder_version=&#8220;4.23.1&#8243; global_colors_info=&#8220;{}&#8220;]<\/p>\n<p><strong>Management\u00a0<\/strong><\/p>\n<p>Q-rious Music<\/p>\n<p>Stefan Gross<\/p>\n<p>Email:<a href=\"mailto:sg@qrious.de\"> sg@qrious.de<\/a><\/p>\n<p>Tel: 0221 \/ 5008590<\/p>\n<p>&nbsp;<\/p>\n<p><strong>Booking Kontakt:\u00a0 \u00a0o-tone music \/ Uwe Hager\u00a0 <\/strong><a href=\"https:\/\/www.o-tonemusic.de\/news_article\/florian-weber-neues-quartett-mit-spannendem-line-up\/\">uwe.hager@o-tonemusic.de<\/a><\/p>\n<p>&nbsp;<\/p>\n<p>&nbsp;<\/p>\n<p>[\/et_pb_text][\/et_pb_column][\/et_pb_row][et_pb_row column_structure=&#8220;2_5,3_5&#8243; _builder_version=&#8220;4.23.1&#8243; _module_preset=&#8220;default&#8220; global_colors_info=&#8220;{}&#8220;][et_pb_column type=&#8220;2_5&#8243; _builder_version=&#8220;4.23.1&#8243; _module_preset=&#8220;default&#8220; global_colors_info=&#8220;{}&#8220;][et_pb_heading title=&#8220;Booking Verf\u00fcgbarkeit 2025 \/2026  : Florian Weber \u2013 Solo &#038; Quartet&#8220; _builder_version=&#8220;4.23.1&#8243; _module_preset=&#8220;default&#8220; title_level=&#8220;h2&#8243; global_colors_info=&#8220;{}&#8220;][\/et_pb_heading][et_pb_image src=&#8220;https:\/\/florianweber.net\/wp-content\/uploads\/2024\/04\/Florian-Weber-Press-2023-www.christophbombart-photography.com-4-web.jpg&#8220; title_text=&#8220;Florian Weber Press 2023 &#8211; www.christophbombart-photography.com-4-web&#8220; _builder_version=&#8220;4.23.1&#8243; _module_preset=&#8220;default&#8220; global_colors_info=&#8220;{}&#8220;][\/et_pb_image][et_pb_image src=&#8220;https:\/\/florianweber.net\/wp-content\/uploads\/2025\/08\/JazzFestBonn2025-foto_HeikeFischer.jpg&#8220; title_text=&#8220;JazzFestBonn2025-foto_HeikeFischer&#8220; _builder_version=&#8220;4.23.1&#8243; _module_preset=&#8220;default&#8220; global_colors_info=&#8220;{}&#8220;][\/et_pb_image][et_pb_divider show_divider=&#8220;off&#8220; _builder_version=&#8220;4.23.1&#8243; _module_preset=&#8220;default&#8220; global_colors_info=&#8220;{}&#8220;][\/et_pb_divider][\/et_pb_column][et_pb_column type=&#8220;3_5&#8243; _builder_version=&#8220;4.23.1&#8243; _module_preset=&#8220;default&#8220; global_colors_info=&#8220;{}&#8220;][et_pb_text _builder_version=&#8220;4.23.1&#8243; _module_preset=&#8220;default&#8220; custom_margin=&#8220;|||-11px||&#8220; custom_padding=&#8220;|||7px||&#8220; global_colors_info=&#8220;{}&#8220;]<\/p>\n<p>Der deutsche Pianist <strong>Florian Weber<\/strong>, im <a href=\"https:\/\/downbeat.com\/magazine\/2025-08\" target=\"_blank\" rel=\"noopener\"><em>DownBeat Magazine<\/em> Critics Poll 8\/2025<\/a> auf <strong>Platz 2 der Rising Star Keyboardists<\/strong> gew\u00e4hlt, z\u00e4hlt zu den markantesten Figuren des zeitgen\u00f6ssischen Jazzpianos. Sein lyrisches Spiel, die feinsinnige Harmonik und die klare Formensprache lassen seine Musik m\u00fchelos zwischen Improvisation, klassischem Einfluss und modernem Jazz flie\u00dfen.<\/p>\n<p>F\u00fcr die kommenden Spielzeiten ist er buchbar f\u00fcr:<\/p>\n<p><strong>Solo<\/strong>: Pers\u00f6nliche Klavierabende, die das ganze Spektrum seines Schaffens zeigen \u2013 von poetischen, leisen T\u00f6nen bis zu rhythmisch komplexen Improvisationen. Seine Solo-Konzerte zeichnen sich durch Klangklarheit, Tiefe und eine besondere Atmosph\u00e4re aus, die das Publikum unmittelbar in seine musikalische Welt hineinzieht.<\/p>\n<p><strong>Quartet<\/strong>: Das <strong>Florian Weber Quartet<\/strong> bringt vier herausragende Musikerpers\u00f6nlichkeiten zusammen:<\/p>\n<p>\u2022 <span style=\"text-decoration: underline;\"><a href=\"https:\/\/www.annalenaschnabel.com\/\"><strong>Anna-Lena Schnabel<\/strong><\/a><\/span> \u2013 preisgekr\u00f6nte Saxophonistin und Fl\u00f6tistin, bekannt f\u00fcr ihren ausdrucksstarken, experimentierfreudigen Stil<br \/>\u2022 <span style=\"text-decoration: underline;\"><a href=\"https:\/\/michelbenita.com\/\"><strong>Michel Benita<\/strong><\/a><\/span> \u2013 renommierter franz\u00f6sischer Bassist, gesch\u00e4tzt f\u00fcr seinen warmen Ton und seine melodische Gestaltungskraft<br \/>\u2022 <span style=\"text-decoration: underline;\"><a href=\"https:\/\/www.jeffballard.com\/\"><strong>Jeff Ballard<\/strong> <\/a><\/span>\u2013 einer der profiliertesten Schlagzeuger im internationalen Jazz, ber\u00fchmt f\u00fcr seine kreative Rhythmik und die Zusammenarbeit mit Brad Mehldau und vielen weiteren Gr\u00f6\u00dfen<br \/>\u2022 <strong>Florian Weber<\/strong> \u2013 Pianist mit unverwechselbarer lyrischer Sprache, der europ\u00e4ische Traditionen mit moderner Jazz-Innovation verbindet<\/p>\n<p>Gemeinsam entsteht eine Klangwelt, die europ\u00e4ische Lyrik mit transatlantischem Drive verbindet \u2013 voller feiner Nuancen, aber auch mit kraftvollem, energiegeladenem Zusammenspiel.<\/p>\n<p>F\u00fcr Booking-Anfragen: Solo- und Quartet-Konzerte sind\u00a0 ab sofort buchbar.<\/p>\n<p>[\/et_pb_text][\/et_pb_column][\/et_pb_row][et_pb_row _builder_version=&#8220;4.23.1&#8243; _module_preset=&#8220;default&#8220; global_colors_info=&#8220;{}&#8220;][et_pb_column type=&#8220;4_4&#8243; _builder_version=&#8220;4.23.1&#8243; _module_preset=&#8220;default&#8220; global_colors_info=&#8220;{}&#8220;][et_pb_divider _builder_version=&#8220;4.23.1&#8243; _module_preset=&#8220;default&#8220; global_colors_info=&#8220;{}&#8220;][\/et_pb_divider][et_pb_contact_form use_spam_service=&#8220;on&#8220; recaptcha_list=&#8220;florianwebernet-0&#8243; recaptcha_min_score=&#8220;1&#8243; email=&#8220;floriaber@gmx.de, office@florianweber.net&#8220; success_message=&#8220;Danke. Ihre Nachricht wurde gesendet.&#8220; submit_button_text=&#8220;Einreichen&#8220; module_id=&#8220;et_pb_contact_form_0&#8243; _builder_version=&#8220;4.16&#8243; _unique_id=&#8220;ff724b51-133d-4da7-b099-03775599cf78&#8243; z_index_tablet=&#8220;500&#8243; global_colors_info=&#8220;{}&#8220;][et_pb_contact_field field_id=&#8220;Name&#8220; field_title=&#8220;Name&#8220; _builder_version=&#8220;4.16&#8243; global_colors_info=&#8220;{}&#8220; button_text_size__hover_enabled=&#8220;off&#8220; button_one_text_size__hover_enabled=&#8220;off&#8220; button_two_text_size__hover_enabled=&#8220;off&#8220; button_text_color__hover_enabled=&#8220;off&#8220; button_one_text_color__hover_enabled=&#8220;off&#8220; button_two_text_color__hover_enabled=&#8220;off&#8220; button_border_width__hover_enabled=&#8220;off&#8220; button_one_border_width__hover_enabled=&#8220;off&#8220; button_two_border_width__hover_enabled=&#8220;off&#8220; button_border_color__hover_enabled=&#8220;off&#8220; button_one_border_color__hover_enabled=&#8220;off&#8220; button_two_border_color__hover_enabled=&#8220;off&#8220; button_border_radius__hover_enabled=&#8220;off&#8220; button_one_border_radius__hover_enabled=&#8220;off&#8220; button_two_border_radius__hover_enabled=&#8220;off&#8220; button_letter_spacing__hover_enabled=&#8220;off&#8220; button_one_letter_spacing__hover_enabled=&#8220;off&#8220; button_two_letter_spacing__hover_enabled=&#8220;off&#8220; button_bg_color__hover_enabled=&#8220;off&#8220; button_one_bg_color__hover_enabled=&#8220;off&#8220; button_two_bg_color__hover_enabled=&#8220;off&#8220;][\/et_pb_contact_field][et_pb_contact_field field_id=&#8220;Email&#8220; field_title=&#8220;E-Mail Adresse&#8220; field_type=&#8220;email&#8220; _builder_version=&#8220;4.16&#8243; global_colors_info=&#8220;{}&#8220; button_text_size__hover_enabled=&#8220;off&#8220; button_one_text_size__hover_enabled=&#8220;off&#8220; button_two_text_size__hover_enabled=&#8220;off&#8220; button_text_color__hover_enabled=&#8220;off&#8220; button_one_text_color__hover_enabled=&#8220;off&#8220; button_two_text_color__hover_enabled=&#8220;off&#8220; button_border_width__hover_enabled=&#8220;off&#8220; button_one_border_width__hover_enabled=&#8220;off&#8220; button_two_border_width__hover_enabled=&#8220;off&#8220; button_border_color__hover_enabled=&#8220;off&#8220; button_one_border_color__hover_enabled=&#8220;off&#8220; button_two_border_color__hover_enabled=&#8220;off&#8220; button_border_radius__hover_enabled=&#8220;off&#8220; button_one_border_radius__hover_enabled=&#8220;off&#8220; button_two_border_radius__hover_enabled=&#8220;off&#8220; button_letter_spacing__hover_enabled=&#8220;off&#8220; button_one_letter_spacing__hover_enabled=&#8220;off&#8220; button_two_letter_spacing__hover_enabled=&#8220;off&#8220; button_bg_color__hover_enabled=&#8220;off&#8220; button_one_bg_color__hover_enabled=&#8220;off&#8220; button_two_bg_color__hover_enabled=&#8220;off&#8220;][\/et_pb_contact_field][et_pb_contact_field field_id=&#8220;Message&#8220; field_title=&#8220;Nachricht&#8220; field_type=&#8220;text&#8220; fullwidth_field=&#8220;on&#8220; _builder_version=&#8220;4.16&#8243; global_colors_info=&#8220;{}&#8220; button_text_size__hover_enabled=&#8220;off&#8220; button_one_text_size__hover_enabled=&#8220;off&#8220; button_two_text_size__hover_enabled=&#8220;off&#8220; button_text_color__hover_enabled=&#8220;off&#8220; button_one_text_color__hover_enabled=&#8220;off&#8220; button_two_text_color__hover_enabled=&#8220;off&#8220; button_border_width__hover_enabled=&#8220;off&#8220; button_one_border_width__hover_enabled=&#8220;off&#8220; button_two_border_width__hover_enabled=&#8220;off&#8220; button_border_color__hover_enabled=&#8220;off&#8220; button_one_border_color__hover_enabled=&#8220;off&#8220; button_two_border_color__hover_enabled=&#8220;off&#8220; button_border_radius__hover_enabled=&#8220;off&#8220; button_one_border_radius__hover_enabled=&#8220;off&#8220; button_two_border_radius__hover_enabled=&#8220;off&#8220; button_letter_spacing__hover_enabled=&#8220;off&#8220; button_one_letter_spacing__hover_enabled=&#8220;off&#8220; button_two_letter_spacing__hover_enabled=&#8220;off&#8220; button_bg_color__hover_enabled=&#8220;off&#8220; button_one_bg_color__hover_enabled=&#8220;off&#8220; button_two_bg_color__hover_enabled=&#8220;off&#8220;][\/et_pb_contact_field][\/et_pb_contact_form][\/et_pb_column][\/et_pb_row][\/et_pb_section][et_pb_section fb_built=&#8220;1&#8243; admin_label=&#8220;section&#8220; _builder_version=&#8220;4.16&#8243; global_colors_info=&#8220;{}&#8220;][et_pb_row admin_label=&#8220;Zeile&#8220; _builder_version=&#8220;4.16&#8243; background_color=&#8220;#ffffff&#8220; background_size=&#8220;initial&#8220; background_position=&#8220;top_left&#8220; background_repeat=&#8220;repeat&#8220; custom_padding=&#8220;20px|20px|20px|20px&#8220; global_colors_info=&#8220;{}&#8220;][et_pb_column type=&#8220;4_4&#8243; _builder_version=&#8220;4.16&#8243; custom_padding=&#8220;|||&#8220; global_colors_info=&#8220;{}&#8220; custom_padding__hover=&#8220;|||&#8220;][et_pb_text _builder_version=&#8220;4.16&#8243; background_size=&#8220;initial&#8220; background_position=&#8220;top_left&#8220; background_repeat=&#8220;repeat&#8220; global_colors_info=&#8220;{}&#8220;][\/et_pb_text][\/et_pb_column][\/et_pb_row][\/et_pb_section][et_pb_section fb_built=&#8220;1&#8243; _builder_version=&#8220;4.16&#8243; _module_preset=&#8220;default&#8220; global_colors_info=&#8220;{}&#8220;][et_pb_row _builder_version=&#8220;4.16&#8243; _module_preset=&#8220;default&#8220; global_colors_info=&#8220;{}&#8220;][et_pb_column type=&#8220;4_4&#8243; _builder_version=&#8220;4.16&#8243; _module_preset=&#8220;default&#8220; global_colors_info=&#8220;{}&#8220;][:de _i=&#8220;0&#8243; _address=&#8220;2.0.0.0&#8243; \/][:de _i=&#8220;1&#8243; _address=&#8220;2.0.0.1&#8243; \/][: _i=&#8220;2&#8243; _address=&#8220;2.0.0.2&#8243; \/][\/et_pb_column][\/et_pb_row][\/et_pb_section]<\/p>\n","protected":false},"excerpt":{"rendered":"<p>Management\u00a0 Q-rious Music Stefan Gross Email: sg@qrious.de Tel: 0221 \/ 5008590 &nbsp; Booking Kontakt:\u00a0 \u00a0o-tone music \/ Uwe Hager\u00a0 uwe.hager@o-tonemusic.de &nbsp; &nbsp;Der deutsche Pianist Florian Weber, im DownBeat Magazine Critics Poll 8\/2025 auf Platz 2 der Rising Star Keyboardists gew\u00e4hlt, z\u00e4hlt zu den markantesten Figuren des zeitgen\u00f6ssischen Jazzpianos. Sein lyrisches Spiel, die feinsinnige Harmonik und [&hellip;]<\/p>\n","protected":false},"author":1,"featured_media":0,"parent":0,"menu_order":0,"comment_status":"closed","ping_status":"closed","template":"","meta":{"_et_pb_use_builder":"on","_et_pb_old_content":"","_et_gb_content_width":"","footnotes":""},"class_list":["post-11219","page","type-page","status-publish","hentry"],"yoast_head":"<!-- This site is optimized with the Yoast SEO plugin v26.5 - https:\/\/yoast.com\/wordpress\/plugins\/seo\/ -->\n<title>Kontakt - Florian Weber Official<\/title>\n<meta name=\"robots\" content=\"index, follow, max-snippet:-1, max-image-preview:large, max-video-preview:-1\" \/>\n<link rel=\"canonical\" href=\"https:\/\/florianweber.net\/de\/kontakt\/\" \/>\n<meta property=\"og:locale\" content=\"de_DE\" \/>\n<meta property=\"og:type\" content=\"article\" \/>\n<meta property=\"og:title\" content=\"Kontakt - Florian Weber Official\" \/>\n<meta property=\"og:description\" content=\"Management\u00a0 Q-rious Music Stefan Gross Email: sg@qrious.de Tel: 0221 \/ 5008590 &nbsp; Booking Kontakt:\u00a0 \u00a0o-tone music \/ Uwe Hager\u00a0 uwe.hager@o-tonemusic.de &nbsp; &nbsp;Der deutsche Pianist Florian Weber, im DownBeat Magazine Critics Poll 8\/2025 auf Platz 2 der Rising Star Keyboardists gew\u00e4hlt, z\u00e4hlt zu den markantesten Figuren des zeitgen\u00f6ssischen Jazzpianos. Sein lyrisches Spiel, die feinsinnige Harmonik und [&hellip;]\" \/>\n<meta property=\"og:url\" content=\"https:\/\/florianweber.net\/de\/kontakt\/\" \/>\n<meta property=\"og:site_name\" content=\"Florian Weber Official\" \/>\n<meta property=\"article:modified_time\" content=\"2025-12-16T14:12:42+00:00\" \/>\n<meta name=\"twitter:card\" content=\"summary_large_image\" \/>\n<meta name=\"twitter:label1\" content=\"Gesch\u00e4tzte Lesezeit\" \/>\n\t<meta name=\"twitter:data1\" content=\"2\u00a0Minuten\" \/>\n<script type=\"application\/ld+json\" class=\"yoast-schema-graph\">{\"@context\":\"https:\/\/schema.org\",\"@graph\":[{\"@type\":\"WebPage\",\"@id\":\"https:\/\/florianweber.net\/de\/kontakt\/\",\"url\":\"https:\/\/florianweber.net\/de\/kontakt\/\",\"name\":\"Kontakt - Florian Weber Official\",\"isPartOf\":{\"@id\":\"https:\/\/florianweber.net\/de\/#website\"},\"datePublished\":\"2017-09-07T14:29:27+00:00\",\"dateModified\":\"2025-12-16T14:12:42+00:00\",\"breadcrumb\":{\"@id\":\"https:\/\/florianweber.net\/de\/kontakt\/#breadcrumb\"},\"inLanguage\":\"de\",\"potentialAction\":[{\"@type\":\"ReadAction\",\"target\":[\"https:\/\/florianweber.net\/de\/kontakt\/\"]}]},{\"@type\":\"BreadcrumbList\",\"@id\":\"https:\/\/florianweber.net\/de\/kontakt\/#breadcrumb\",\"itemListElement\":[{\"@type\":\"ListItem\",\"position\":1,\"name\":\"Home\",\"item\":\"https:\/\/florianweber.net\/de\/\"},{\"@type\":\"ListItem\",\"position\":2,\"name\":\"Kontakt\"}]},{\"@type\":\"WebSite\",\"@id\":\"https:\/\/florianweber.net\/de\/#website\",\"url\":\"https:\/\/florianweber.net\/de\/\",\"name\":\"Florian Weber Official\",\"description\":\"Florian Weber Official Site\",\"potentialAction\":[{\"@type\":\"SearchAction\",\"target\":{\"@type\":\"EntryPoint\",\"urlTemplate\":\"https:\/\/florianweber.net\/de\/?s={search_term_string}\"},\"query-input\":{\"@type\":\"PropertyValueSpecification\",\"valueRequired\":true,\"valueName\":\"search_term_string\"}}],\"inLanguage\":\"de\"}]}<\/script>\n<!-- \/ Yoast SEO plugin. -->","yoast_head_json":{"title":"Kontakt - Florian Weber Official","robots":{"index":"index","follow":"follow","max-snippet":"max-snippet:-1","max-image-preview":"max-image-preview:large","max-video-preview":"max-video-preview:-1"},"canonical":"https:\/\/florianweber.net\/de\/kontakt\/","og_locale":"de_DE","og_type":"article","og_title":"Kontakt - Florian Weber Official","og_description":"Management\u00a0 Q-rious Music Stefan Gross Email: sg@qrious.de Tel: 0221 \/ 5008590 &nbsp; Booking Kontakt:\u00a0 \u00a0o-tone music \/ Uwe Hager\u00a0 uwe.hager@o-tonemusic.de &nbsp; &nbsp;Der deutsche Pianist Florian Weber, im DownBeat Magazine Critics Poll 8\/2025 auf Platz 2 der Rising Star Keyboardists gew\u00e4hlt, z\u00e4hlt zu den markantesten Figuren des zeitgen\u00f6ssischen Jazzpianos. Sein lyrisches Spiel, die feinsinnige Harmonik und [&hellip;]","og_url":"https:\/\/florianweber.net\/de\/kontakt\/","og_site_name":"Florian Weber Official","article_modified_time":"2025-12-16T14:12:42+00:00","twitter_card":"summary_large_image","twitter_misc":{"Gesch\u00e4tzte Lesezeit":"2\u00a0Minuten"},"schema":{"@context":"https:\/\/schema.org","@graph":[{"@type":"WebPage","@id":"https:\/\/florianweber.net\/de\/kontakt\/","url":"https:\/\/florianweber.net\/de\/kontakt\/","name":"Kontakt - Florian Weber Official","isPartOf":{"@id":"https:\/\/florianweber.net\/de\/#website"},"datePublished":"2017-09-07T14:29:27+00:00","dateModified":"2025-12-16T14:12:42+00:00","breadcrumb":{"@id":"https:\/\/florianweber.net\/de\/kontakt\/#breadcrumb"},"inLanguage":"de","potentialAction":[{"@type":"ReadAction","target":["https:\/\/florianweber.net\/de\/kontakt\/"]}]},{"@type":"BreadcrumbList","@id":"https:\/\/florianweber.net\/de\/kontakt\/#breadcrumb","itemListElement":[{"@type":"ListItem","position":1,"name":"Home","item":"https:\/\/florianweber.net\/de\/"},{"@type":"ListItem","position":2,"name":"Kontakt"}]},{"@type":"WebSite","@id":"https:\/\/florianweber.net\/de\/#website","url":"https:\/\/florianweber.net\/de\/","name":"Florian Weber Official","description":"Florian Weber Official Site","potentialAction":[{"@type":"SearchAction","target":{"@type":"EntryPoint","urlTemplate":"https:\/\/florianweber.net\/de\/?s={search_term_string}"},"query-input":{"@type":"PropertyValueSpecification","valueRequired":true,"valueName":"search_term_string"}}],"inLanguage":"de"}]}},"_links":{"self":[{"href":"https:\/\/florianweber.net\/de\/wp-json\/wp\/v2\/pages\/11219","targetHints":{"allow":["GET"]}}],"collection":[{"href":"https:\/\/florianweber.net\/de\/wp-json\/wp\/v2\/pages"}],"about":[{"href":"https:\/\/florianweber.net\/de\/wp-json\/wp\/v2\/types\/page"}],"author":[{"embeddable":true,"href":"https:\/\/florianweber.net\/de\/wp-json\/wp\/v2\/users\/1"}],"replies":[{"embeddable":true,"href":"https:\/\/florianweber.net\/de\/wp-json\/wp\/v2\/comments?post=11219"}],"version-history":[{"count":15,"href":"https:\/\/florianweber.net\/de\/wp-json\/wp\/v2\/pages\/11219\/revisions"}],"predecessor-version":[{"id":11644,"href":"https:\/\/florianweber.net\/de\/wp-json\/wp\/v2\/pages\/11219\/revisions\/11644"}],"wp:attachment":[{"href":"https:\/\/florianweber.net\/de\/wp-json\/wp\/v2\/media?parent=11219"}],"curies":[{"name":"wp","href":"https:\/\/api.w.org\/{rel}","templated":true}]}}