{"id":11192,"date":"2017-09-07T15:22:37","date_gmt":"2017-09-07T14:22:37","guid":{"rendered":"https:\/\/florianweber.net\/?page_id=11192"},"modified":"2025-10-08T13:05:39","modified_gmt":"2025-10-08T12:05:39","slug":"11192-2","status":"publish","type":"page","link":"https:\/\/florianweber.net\/de\/11192-2\/","title":{"rendered":"Biography"},"content":{"rendered":"<p>[et_pb_section fb_built=&#8220;1&#8243; admin_label=&#8220;section&#8220; _builder_version=&#8220;4.16&#8243; global_colors_info=&#8220;{}&#8220;][et_pb_row admin_label=&#8220;row&#8220; _builder_version=&#8220;4.16&#8243; background_size=&#8220;initial&#8220; background_position=&#8220;top_left&#8220; background_repeat=&#8220;repeat&#8220; global_colors_info=&#8220;{}&#8220; custom_padding=&#8220;40px|||||&#8220;][et_pb_column type=&#8220;4_4&#8243; _builder_version=&#8220;4.16&#8243; custom_padding=&#8220;|||&#8220; global_colors_info=&#8220;{}&#8220; custom_padding__hover=&#8220;|||&#8220;][et_pb_text admin_label=&#8220;Text&#8220; _builder_version=&#8220;4.23.1&#8243; background_size=&#8220;initial&#8220; background_position=&#8220;top_left&#8220; background_repeat=&#8220;repeat&#8220; hover_enabled=&#8220;0&#8243; global_colors_info=&#8220;{}&#8220; sticky_enabled=&#8220;0&#8243;]<\/p>\n<div id=\"node-4\" class=\"node clear-block\">\n<div class=\"meta\">\n<blockquote>\n<div class=\"\"><span class=\"\" style=\"color: #000000;\"><strong>New York Times<\/strong> \u201eeine \u00c4sthetik des aerodynamischen Flie\u00dfens&#8220;\u00a0<\/span><\/div>\n<div class=\"\"><span class=\"\" style=\"color: #000000;\"><strong>Something Else!<\/strong> &#8222;ein wahrhaft wegweisender Pianist&#8220;<\/span><\/div>\n<div class=\"\"><span class=\"\" style=\"color: #000000;\"><strong>La Gazette Bleue D\u00b4Action<\/strong> \u201eMagnifique\u201c<\/span><\/div>\n<div class=\"\"><span class=\"\" style=\"color: #000000;\"><strong>All about Jazz<\/strong> \u201eImpressive\u201c<\/span><\/div>\n<div class=\"\"><span class=\"\" style=\"color: #000000;\"><strong>S\u00fcddeutsche Zeitung<\/strong> \u201eein Ausnahmepianist mit frischem, unverbrauchtem Ton\u201c<\/span><\/div>\n<div class=\"\"><span class=\"\" style=\"color: #000000;\"><strong>Stern<\/strong> \u201eso much tenderness and affection\u2026the listener is intensely moved\u201c<\/span><\/div>\n<div class=\"\"><span class=\"\" style=\"color: #000000;\"><strong>Jazzthetik<\/strong> &#8222;ein Wunder an Balance\u201c<\/span><\/div>\n<\/blockquote>\n<\/div>\n<\/div>\n<blockquote>\n<div class=\"\">\n<div class=\"\">\n<div class=\"\">\n<div class=\"\">\n<div class=\"\">\n<p>F\u00fcr die Website <em>Something Else!<\/em> ist <strong>Florian Weber<\/strong> &#8222;ein wahrhaft wegweisender Pianist&#8220;, die <em>New York Times<\/em> streicht dessen &#8222;\u00c4sthetik des aerodynamischen Flie\u00dfens&#8220; heraus, <em>All About Jazz<\/em> bescheinigt dem nach Neuerungen hungernden Deutschen einen &#8222;allesverzehrenden Musikappetit&#8220;, und die <em>S\u00fcddeutsche Zeitung<\/em> erblickt in ihm einen Ausnahmepianisten &#8222;mit frischem, unverbrauchtem Ton&#8220;, der &#8222;Interessantes und Mitrei\u00dfendes zu erz\u00e4hlen&#8220; hat. Das Lob der Kritiker ist Ausdruck einer Erfolgskarriere, in deren Verlauf sich Weber als feste Gr\u00f6\u00dfe in der globalen Szene etablierte. Auch seine Kooperationen mit namhaften Kollegen sprechen diesbez\u00fcglich eine deutliche Sprache. Auf der B\u00fchne bzw. im Studioraum arbeitete Weber unter anderem mit Tomasz Sta\u0144ko, Pat Metheny, Albert Mangelsdorff und Michael Brecker zusammen. Weitere Belege f\u00fcr die hohe Reputation finden sich in den Ehrungen, die der Tausendsassa bis dato eingeheimst hat. Stellvertretend seien nur der Steinway-Preis beim Solopiano-Wettbewerb auf dem Montreux Jazz Festival, der ECHO Jazz in der Sparte &#8222;Bester Pianist national&#8220;, der Belmont-Preis, und der WDR-Jazzpreis f\u00fcr Improvisation erw\u00e4hnt.<\/p>\n<p>&nbsp;<\/p>\n<p>Dem Sohn eines Musikprofessors und einer Operns\u00e4ngerin war der berufliche Weg mehr oder weniger vorgezeichnet, bei der Geburt in Detmold 1977 wurde ihm die Liebe zur Musik quasi in die Wiege gelegt. Bereits mit vier Jahren erhielt er Klavierunterricht. Zuerst standen Klassiknoten im Zentrum der Erziehung, die Interessenspalette vergr\u00f6\u00dferte sich jedoch, als Weber im Teenageralter den Jazz f\u00fcr sich entdeckte. Nach dem Schulabschluss studierte er zun\u00e4chst Mathematik, Physik und Biologie, als mit der Zeit die Musikliebe aber auf ihr Recht pochte, setzte er seine Musikausbildung mit Lehrern wie John Taylor, Paul Bley und Richie Beirach fort. Au\u00dferdem ergriff Weber die Chance eines Studiums am Berklee College of Music. Dort lernte er mit dem Bassisten Jeff Denson und dem Drummer Ziv Ravitz zwei Gleichgesinnte kennen, mit denen er schon bald <strong>Minsarah<\/strong> gr\u00fcndete. Das gleichnamige Album wurde mit dem Preis der Deutschen Schallplattenkritik geehrt. Bei einer Begegnung in K\u00f6ln wurde Lee Konitz auf Minsarah aufmerksam. 2007 nahm er mit den Jungprofis &#8222;Deep Lee&#8220; auf, 2012 folgte der Mitschnitt &#8222;Live at the Village Vanguard&#8220;, den das franz\u00f6sische Magazin <em>Jazzman<\/em> mit einem &#8222;Choc de l&#8217;Ann\u00e9e&#8220; bedachte. Im Jahr 2011 bildeten Weber, Lionel Loueke, Thomas Morgan und Dan Weiss die Gruppe <strong>Biosphere<\/strong>. Das Debut &#8222;Biosphere&#8220; pendelt reizvoll zwischen komplexen Rhythmen und Jazzcovers von Jamiroquai- und Coldplay-St\u00fccken. Kurze Zeit sp\u00e4ter rief er, zusammen mit Donny McCaslin und Dan Weiss, das Trio \u201e<strong>CrissCross<\/strong>\u201c ins Leben, als Verbeugung vor seinen von ihm verehrten Jazzpianisten Bill Evans und Thelonious Monk. Mit seinem Landsmann Markus Stockhausen gab Weber 2015 auf dem ECM-Label das Duowerk &#8222;Inside Out&#8220; heraus. 2018 ver\u00f6ffentlichte Weber auf <strong>ecm records<\/strong> unter seinem eigenem Namen das Quarttet-Album <strong>\u201eLucent Waters\u201c<\/strong> mit Ralph Alessi, Linda Oh und Nasheet Waits.<\/p>\n<p>&nbsp;<\/p>\n<p>Das aktuelle Album \u201e<strong>Imaginary Cycle<\/strong>\u201c (ecm records) ist mit einer ungew\u00f6hnlichen Besetzung von Blechbl\u00e4serensemble und Klavier konzipiert worden. Weber pr\u00e4sentiert hier einen Zyklus in vier Teilen, plus einer Er\u00f6ffnung und einem Epilog. Darin wird der deutsche Pianist von einer Gruppe von vier Euphonien, einem Posaunenquartett sowie der Fl\u00f6tistin <strong>Anna-Lena Schnabel<\/strong> und <strong>Michel Godard<\/strong> auf dem selten verwendeten historischen Blechblasinstrument \u201eSerpent\u201c begleitet. Gemeinsam f\u00fchren sie ein Werk auf, das die Grenze zwischen Improvisation und Komposition verwischt.<\/p>\n<p>&nbsp;<\/p>\n<p>Neben Jazzprojekten fand der Pianist in seiner Laufbahn auch immer wieder mal die Zeit f\u00fcr Klassikausfl\u00fcge, mit <strong>Philharmonischen Orchestern<\/strong> spielte er als Solist Klavierkonzerte von Mozart, Ravel, Gershwin und Piazzolla. In Meisterkursen und Lehrauftr\u00e4gen an Hochschulen im In- und Ausland gibt der heute 48-j\u00e4hrige sein Wissen jetzt an Studenten der n\u00e4chsten Generation weiter. Zudem ist er in mehreren Projekten bei der <strong>NDR-Big Band<\/strong> in Hamburg involviert.<\/p>\n<\/div>\n<\/div>\n<\/div>\n<\/div>\n<\/div>\n<\/blockquote>\n<div style=\"text-align: center;\">+++<\/div>\n<div style=\"text-align: center;\">\n<h1>Belmont-Preis 2020<br \/>for Contemporary Music<\/h1>\n<p>+++<\/p>\n<\/div>\n<div><\/div>\n<div><\/div>\n<div><\/div>\n<div id=\"node-4\" class=\"node clear-block\">\n<div class=\"content\">\n<p style=\"text-align: center;\">Choc del ann\u00e9 Jazzman 2010<\/p>\n<p style=\"text-align: center;\"><img decoding=\"async\" src=\"http:\/\/www.florianweber.net\/wp-content\/uploads\/2018\/04\/jazzman.jpeg\" alt=\"\" \/><\/p>\n<p style=\"text-align: center;\">1. Prize Monaco Jazz Soloist<\/p>\n<p style=\"text-align: center;\">1. Preis Weimar Klavierwettbewerb<\/p>\n<\/div>\n<\/div>\n<p style=\"text-align: center;\"><img loading=\"lazy\" decoding=\"async\" src=\"http:\/\/www.florianweber.net\/wp-content\/uploads\/2018\/04\/Berklee.gif\" alt=\"\" width=\"198\" height=\"112\" \/><\/p>\n<p style=\"text-align: center;\">Full scholarship Berklee College of Music<\/p>\n<p style=\"text-align: center;\">\u00a0 \u00a0 <img decoding=\"async\" src=\"http:\/\/www.florianweber.net\/wp-content\/uploads\/2018\/04\/Steinway.jpeg\" alt=\"\" \/><\/p>\n<p style=\"text-align: center;\">Steinway prize of Montreux Jazz Festival<\/p>\n<p style=\"text-align: center;\">\u00a0 \u00a0 \u00a0 <img decoding=\"async\" src=\"http:\/\/www.florianweber.net\/wp-content\/uploads\/2018\/04\/kritik.jpg\" alt=\"\" \/><\/p>\n<p style=\"text-align: center;\">Preis der deutschen Schallplattenkritik \u2013 Bestenliste<\/p>\n<p>[:]<\/p>\n<p>[\/et_pb_text][\/et_pb_column][\/et_pb_row][\/et_pb_section]<\/p>\n","protected":false},"excerpt":{"rendered":"<p>New York Times \u201eeine \u00c4sthetik des aerodynamischen Flie\u00dfens&#8220;\u00a0 Something Else! &#8222;ein wahrhaft wegweisender Pianist&#8220; La Gazette Bleue D\u00b4Action \u201eMagnifique\u201c All about Jazz \u201eImpressive\u201c S\u00fcddeutsche Zeitung \u201eein Ausnahmepianist mit frischem, unverbrauchtem Ton\u201c Stern \u201eso much tenderness and affection\u2026the listener is intensely moved\u201c Jazzthetik &#8222;ein Wunder an Balance\u201c F\u00fcr die Website Something Else! ist Florian Weber &#8222;ein [&hellip;]<\/p>\n","protected":false},"author":1,"featured_media":0,"parent":0,"menu_order":0,"comment_status":"closed","ping_status":"closed","template":"","meta":{"_et_pb_use_builder":"on","_et_pb_old_content":"<div id=\"node-4\" class=\"node clear-block\">\r\n<div class=\"meta\">\r\n<blockquote>\r\n<div class=\"\"><span class=\"\" style=\"color: #000000;\"><strong>New York Times<\/strong> \u201eeine \u00c4sthetik des aerodynamischen Flie\u00dfens\"\u00a0<\/span><\/div>\r\n<div class=\"\"><span class=\"\" style=\"color: #000000;\"><strong>Something Else!<\/strong> \"ein wahrhaft wegweisender Pianist\"<\/span><\/div>\r\n<div class=\"\"><span class=\"\" style=\"color: #000000;\"><strong>La Gazette Bleue D\u00b4Action<\/strong> \u201eMagnifique\u201c<\/span><\/div>\r\n<div class=\"\"><span class=\"\" style=\"color: #000000;\"><strong>All about Jazz<\/strong> \u201eImpressive\u201c<\/span><\/div>\r\n<div class=\"\"><span class=\"\" style=\"color: #000000;\"><strong>S\u00fcddeutsche Zeitung<\/strong> \u201eein Ausnahmepianist mit frischem, unverbrauchtem Ton\u201c<\/span><\/div>\r\n<div class=\"\"><span class=\"\" style=\"color: #000000;\"><strong>Stern<\/strong> \u201eso much tenderness and affection\u2026the listener is intensely moved\u201c<\/span><\/div>\r\n<div class=\"\"><span class=\"\" style=\"color: #000000;\"><strong>Jazzthetik<\/strong> \"ein Wunder an Balance\u201c<\/span><\/div><\/blockquote>\r\n<\/div>\r\n<\/div>\r\n<blockquote>\r\n<div class=\"\">\r\n<div class=\"\">\r\n<div class=\"\">\r\n<div class=\"\">\r\n<div class=\"\">\r\n<div class=\"\"><span class=\"\" style=\"color: #000000;\">Das Lob der Kritiker ist Ausdruck einer Erfolgskarriere, in deren Verlauf sich Weber als feste Gr\u00f6\u00dfe in der globalen Szene etablierte.\u00a0<\/span><\/div>\r\n<div class=\"\"><span class=\"\" style=\"color: #000000;\">Auf der B\u00fchne bzw. im Studioraum arbeitete Weber unter anderem mit\u00a0Tomasz Sta\u0144ko,\u00a0Pat Metheny, Albert Mangelsdorff und Michael Brecker zusammen. Weitere Belege f\u00fcr die hohe Reputation finden sich in den Ehrungen, die der Tausendsassa bis dato eingeheimst hat. Stellvertretend seien nur der Steinway-Preis beim Solopiano-Wettbewerb auf dem Montreux Jazz Festival, 1. Prize beim Monaco Jazzwettbewerb, der ECHO Jazz in der Sparte \"Bester Pianist national\" und der WDR-Jazzpreis f\u00fcr Improvisation erw\u00e4hnt.<\/span><\/div>\r\n<div class=\"\"><span style=\"color: #000000;\"><span class=\"\">Schon sein erstes\u00a0<\/span><span class=\"\">Album \u201eMinsarah\u201c wurde mit dem Preis der Deutschen Schallplattenkritik geehrt. Bei einer Begegnung in K\u00f6ln wurde Lee Konitz auf ihn aufmerksam. 2007 nahmen sie gemeinsam \"Deep Lee\" auf, 2012 folgte der Mitschnitt \"Live at the Village Vanguard\", den das franz\u00f6sische Magazin Jazzman mit einem \"Choc de l'Ann\u00e9e\" bedachte.\u00a0<\/span><\/span><\/div>\r\n<div class=\"\"><span class=\"\" style=\"color: #000000;\">Das war \u00fcbrigens das erste Mal, dass ein deutscher Jazzpianist in dem sagenumwobenen Club in New York an einer Live-Einspielung mitwirkte. Dasselbe gilt f\u00fcr Webers Auftritte mit eigenen Projekten im Rahmen vom legend\u00e4ren New York Winterjazz, dem Angel City Jazz Festival in L.A. sowie dem Tokyo Jazz Festival. In all diesen Veranstaltungsreihen gastierte er ebenfalls als erster und bislang einziger Pianist aus der Bundesrepublik. Damit repr\u00e4sentiert er wie \u00fcberhaupt momentan kein anderer Pianist unser Land weltweit auf den B\u00fchnen renommierter Festivals.\u00a0<\/span><\/div>\r\n<div class=\"\"><span style=\"color: #000000;\"><span class=\"\">Im Jahr 2011 bildete Weber mit\u00a0Lionel\u00a0Loueke\u00a0(\u201eHausgitarrist\u201c von\u00a0Herbie Hancock),\u00a0Thomas Morgan und Dan Weiss die Gruppe Biosphere. Das Deb\u00fct \"Bios<\/span>phere\" pendelt reizvoll zwischen komplexen Rhythmen und Jazzcovers von\u00a0Jamiroquai- und\u00a0Coldplay-St\u00fccken; und kurze Zeit sp\u00e4ter das Trio \u201eCrissCross\u201c\u00a0 feat.\u00a0Donny McCaslin\u00a0(Saxophonist und Produzent des Albums \u201eBlackstar\u201c von David Bowie) und Dan Weiss als eine Verbeugung vor den beiden Jazzpianisten Bill Evans und\u00a0Thelonious Monk.<\/span><\/div>\r\n<div class=\"\"><span style=\"color: #000000;\">Mit seinem Landsmann\u00a0Markus Stockhausen\u00a0gab Weber 2015 auf dem legend\u00e4ren ECM-Label das von der Presse hochgelobte Duowerk \"Inside Out\" heraus.<\/span><\/div>\r\n<div class=\"\"><span style=\"color: #000000;\">Ein weiteres, noch unver\u00f6ffentlichtes ECM-Album hat er k\u00fcrzlich mit Ralph Alessi, Linda Oh und Nasheet Waits realisiert.<\/span><\/div>\r\n<div class=\"\"><span style=\"color: #000000;\">Neben Jazzprojekten fand\u00a0der Pianist\u00a0in seiner Laufbahn auch immer wieder mal die Zeit f\u00fcr Klassikausfl\u00fcge, mit Philharmonischen Orchestern spielte er als Solist Klavierkonzerte von Mozart, Ravel oder Gershwin. In diesem Zusammenhang bekam er im letzten Jahr den \u201eEhrenpreis des internationalen Mozartwettbewerbs Berlin\u201c oder den Grotrian-Steinweg-Preis von Weimar. Heute lebt der umtriebige K\u00fcnstler abwechselnd in New York und Deutschland. In Meisterkursen und als Professor an Hochschulen im In- und Ausland (z.B. CalArts (USA), Royal Northern College of Music (GB), Hochschule Osnabr\u00fcck, \u00a0DePaul University Chicago) gibt er sein Wissen jetzt an Studenten der n\u00e4chsten Generation weiter.<\/span><\/div>\r\n<\/div>\r\n<\/div>\r\n<\/div>\r\n<\/div>\r\n<\/div><\/blockquote>\r\n<div style=\"text-align: center;\">+++<\/div>\r\n<div style=\"text-align: center;\">\r\n<h1>Belmont-Preis 2020\r\nfor Contemporary Music<\/h1>\r\n+++\r\n\r\n<\/div>\r\n<div><\/div>\r\n<div><\/div>\r\n<div><\/div>\r\n<div id=\"node-4\" class=\"node clear-block\">\r\n<div class=\"content\">\r\n<p style=\"text-align: center;\">Choc del ann\u00e9 Jazzman 2010<\/p>\r\n<p style=\"text-align: center;\"><img src=\"http:\/\/www.florianweber.net\/wp-content\/uploads\/2018\/04\/jazzman.jpeg\" alt=\"\" \/><\/p>\r\n<p style=\"text-align: center;\">1. Prize Monaco Jazz Soloist<\/p>\r\n<p style=\"text-align: center;\">1. Preis Weimar Klavierwettbewerb<\/p>\r\n\r\n<\/div>\r\n<\/div>\r\n<p style=\"text-align: center;\"><img src=\"http:\/\/www.florianweber.net\/wp-content\/uploads\/2018\/04\/Berklee.gif\" alt=\"\" width=\"198\" height=\"112\" \/><\/p>\r\n<p style=\"text-align: center;\">Full scholarship Berklee College of Music<\/p>\r\n<p style=\"text-align: center;\">\u00a0 \u00a0 <img src=\"http:\/\/www.florianweber.net\/wp-content\/uploads\/2018\/04\/Steinway.jpeg\" alt=\"\" \/><\/p>\r\n<p style=\"text-align: center;\">Steinway prize of Montreux Jazz Festival<\/p>\r\n<p style=\"text-align: center;\">\u00a0 \u00a0 \u00a0 <img src=\"http:\/\/www.florianweber.net\/wp-content\/uploads\/2018\/04\/kritik.jpg\" alt=\"\" \/><\/p>\r\n<p style=\"text-align: center;\">Preis der deutschen Schallplattenkritik \u2013 Bestenliste<\/p>\r\n[:]","_et_gb_content_width":"","footnotes":""},"class_list":["post-11192","page","type-page","status-publish","hentry"],"yoast_head":"<!-- This site is optimized with the Yoast SEO plugin v26.5 - https:\/\/yoast.com\/wordpress\/plugins\/seo\/ -->\n<title>Biography - Florian Weber Official<\/title>\n<meta name=\"robots\" content=\"index, follow, max-snippet:-1, max-image-preview:large, max-video-preview:-1\" \/>\n<link rel=\"canonical\" href=\"https:\/\/florianweber.net\/de\/11192-2\/\" \/>\n<meta property=\"og:locale\" content=\"de_DE\" \/>\n<meta property=\"og:type\" content=\"article\" \/>\n<meta property=\"og:title\" content=\"Biography - Florian Weber Official\" \/>\n<meta property=\"og:description\" content=\"New York Times \u201eeine \u00c4sthetik des aerodynamischen Flie\u00dfens&quot;\u00a0 Something Else! &quot;ein wahrhaft wegweisender Pianist&quot; La Gazette Bleue D\u00b4Action \u201eMagnifique\u201c All about Jazz \u201eImpressive\u201c S\u00fcddeutsche Zeitung \u201eein Ausnahmepianist mit frischem, unverbrauchtem Ton\u201c Stern \u201eso much tenderness and affection\u2026the listener is intensely moved\u201c Jazzthetik &quot;ein Wunder an Balance\u201c F\u00fcr die Website Something Else! ist Florian Weber &quot;ein [&hellip;]\" \/>\n<meta property=\"og:url\" content=\"https:\/\/florianweber.net\/de\/11192-2\/\" \/>\n<meta property=\"og:site_name\" content=\"Florian Weber Official\" \/>\n<meta property=\"article:modified_time\" content=\"2025-10-08T12:05:39+00:00\" \/>\n<meta property=\"og:image\" content=\"http:\/\/www.florianweber.net\/wp-content\/uploads\/2018\/04\/jazzman.jpeg\" \/>\n<meta name=\"twitter:card\" content=\"summary_large_image\" \/>\n<meta name=\"twitter:label1\" content=\"Gesch\u00e4tzte Lesezeit\" \/>\n\t<meta name=\"twitter:data1\" content=\"1\u00a0Minute\" \/>\n<script type=\"application\/ld+json\" class=\"yoast-schema-graph\">{\"@context\":\"https:\/\/schema.org\",\"@graph\":[{\"@type\":\"WebPage\",\"@id\":\"https:\/\/florianweber.net\/de\/11192-2\/\",\"url\":\"https:\/\/florianweber.net\/de\/11192-2\/\",\"name\":\"Biography - Florian Weber Official\",\"isPartOf\":{\"@id\":\"https:\/\/florianweber.net\/de\/#website\"},\"primaryImageOfPage\":{\"@id\":\"https:\/\/florianweber.net\/de\/11192-2\/#primaryimage\"},\"image\":{\"@id\":\"https:\/\/florianweber.net\/de\/11192-2\/#primaryimage\"},\"thumbnailUrl\":\"http:\/\/www.florianweber.net\/wp-content\/uploads\/2018\/04\/jazzman.jpeg\",\"datePublished\":\"2017-09-07T14:22:37+00:00\",\"dateModified\":\"2025-10-08T12:05:39+00:00\",\"breadcrumb\":{\"@id\":\"https:\/\/florianweber.net\/de\/11192-2\/#breadcrumb\"},\"inLanguage\":\"de\",\"potentialAction\":[{\"@type\":\"ReadAction\",\"target\":[\"https:\/\/florianweber.net\/de\/11192-2\/\"]}]},{\"@type\":\"ImageObject\",\"inLanguage\":\"de\",\"@id\":\"https:\/\/florianweber.net\/de\/11192-2\/#primaryimage\",\"url\":\"http:\/\/www.florianweber.net\/wp-content\/uploads\/2018\/04\/jazzman.jpeg\",\"contentUrl\":\"http:\/\/www.florianweber.net\/wp-content\/uploads\/2018\/04\/jazzman.jpeg\"},{\"@type\":\"BreadcrumbList\",\"@id\":\"https:\/\/florianweber.net\/de\/11192-2\/#breadcrumb\",\"itemListElement\":[{\"@type\":\"ListItem\",\"position\":1,\"name\":\"Home\",\"item\":\"https:\/\/florianweber.net\/de\/\"},{\"@type\":\"ListItem\",\"position\":2,\"name\":\"Biography\"}]},{\"@type\":\"WebSite\",\"@id\":\"https:\/\/florianweber.net\/de\/#website\",\"url\":\"https:\/\/florianweber.net\/de\/\",\"name\":\"Florian Weber Official\",\"description\":\"Florian Weber Official Site\",\"potentialAction\":[{\"@type\":\"SearchAction\",\"target\":{\"@type\":\"EntryPoint\",\"urlTemplate\":\"https:\/\/florianweber.net\/de\/?s={search_term_string}\"},\"query-input\":{\"@type\":\"PropertyValueSpecification\",\"valueRequired\":true,\"valueName\":\"search_term_string\"}}],\"inLanguage\":\"de\"}]}<\/script>\n<!-- \/ Yoast SEO plugin. -->","yoast_head_json":{"title":"Biography - Florian Weber Official","robots":{"index":"index","follow":"follow","max-snippet":"max-snippet:-1","max-image-preview":"max-image-preview:large","max-video-preview":"max-video-preview:-1"},"canonical":"https:\/\/florianweber.net\/de\/11192-2\/","og_locale":"de_DE","og_type":"article","og_title":"Biography - Florian Weber Official","og_description":"New York Times \u201eeine \u00c4sthetik des aerodynamischen Flie\u00dfens\"\u00a0 Something Else! \"ein wahrhaft wegweisender Pianist\" La Gazette Bleue D\u00b4Action \u201eMagnifique\u201c All about Jazz \u201eImpressive\u201c S\u00fcddeutsche Zeitung \u201eein Ausnahmepianist mit frischem, unverbrauchtem Ton\u201c Stern \u201eso much tenderness and affection\u2026the listener is intensely moved\u201c Jazzthetik \"ein Wunder an Balance\u201c F\u00fcr die Website Something Else! ist Florian Weber \"ein [&hellip;]","og_url":"https:\/\/florianweber.net\/de\/11192-2\/","og_site_name":"Florian Weber Official","article_modified_time":"2025-10-08T12:05:39+00:00","og_image":[{"url":"http:\/\/www.florianweber.net\/wp-content\/uploads\/2018\/04\/jazzman.jpeg","type":"","width":"","height":""}],"twitter_card":"summary_large_image","twitter_misc":{"Gesch\u00e4tzte Lesezeit":"1\u00a0Minute"},"schema":{"@context":"https:\/\/schema.org","@graph":[{"@type":"WebPage","@id":"https:\/\/florianweber.net\/de\/11192-2\/","url":"https:\/\/florianweber.net\/de\/11192-2\/","name":"Biography - Florian Weber Official","isPartOf":{"@id":"https:\/\/florianweber.net\/de\/#website"},"primaryImageOfPage":{"@id":"https:\/\/florianweber.net\/de\/11192-2\/#primaryimage"},"image":{"@id":"https:\/\/florianweber.net\/de\/11192-2\/#primaryimage"},"thumbnailUrl":"http:\/\/www.florianweber.net\/wp-content\/uploads\/2018\/04\/jazzman.jpeg","datePublished":"2017-09-07T14:22:37+00:00","dateModified":"2025-10-08T12:05:39+00:00","breadcrumb":{"@id":"https:\/\/florianweber.net\/de\/11192-2\/#breadcrumb"},"inLanguage":"de","potentialAction":[{"@type":"ReadAction","target":["https:\/\/florianweber.net\/de\/11192-2\/"]}]},{"@type":"ImageObject","inLanguage":"de","@id":"https:\/\/florianweber.net\/de\/11192-2\/#primaryimage","url":"http:\/\/www.florianweber.net\/wp-content\/uploads\/2018\/04\/jazzman.jpeg","contentUrl":"http:\/\/www.florianweber.net\/wp-content\/uploads\/2018\/04\/jazzman.jpeg"},{"@type":"BreadcrumbList","@id":"https:\/\/florianweber.net\/de\/11192-2\/#breadcrumb","itemListElement":[{"@type":"ListItem","position":1,"name":"Home","item":"https:\/\/florianweber.net\/de\/"},{"@type":"ListItem","position":2,"name":"Biography"}]},{"@type":"WebSite","@id":"https:\/\/florianweber.net\/de\/#website","url":"https:\/\/florianweber.net\/de\/","name":"Florian Weber Official","description":"Florian Weber Official Site","potentialAction":[{"@type":"SearchAction","target":{"@type":"EntryPoint","urlTemplate":"https:\/\/florianweber.net\/de\/?s={search_term_string}"},"query-input":{"@type":"PropertyValueSpecification","valueRequired":true,"valueName":"search_term_string"}}],"inLanguage":"de"}]}},"_links":{"self":[{"href":"https:\/\/florianweber.net\/de\/wp-json\/wp\/v2\/pages\/11192","targetHints":{"allow":["GET"]}}],"collection":[{"href":"https:\/\/florianweber.net\/de\/wp-json\/wp\/v2\/pages"}],"about":[{"href":"https:\/\/florianweber.net\/de\/wp-json\/wp\/v2\/types\/page"}],"author":[{"embeddable":true,"href":"https:\/\/florianweber.net\/de\/wp-json\/wp\/v2\/users\/1"}],"replies":[{"embeddable":true,"href":"https:\/\/florianweber.net\/de\/wp-json\/wp\/v2\/comments?post=11192"}],"version-history":[{"count":5,"href":"https:\/\/florianweber.net\/de\/wp-json\/wp\/v2\/pages\/11192\/revisions"}],"predecessor-version":[{"id":11612,"href":"https:\/\/florianweber.net\/de\/wp-json\/wp\/v2\/pages\/11192\/revisions\/11612"}],"wp:attachment":[{"href":"https:\/\/florianweber.net\/de\/wp-json\/wp\/v2\/media?parent=11192"}],"curies":[{"name":"wp","href":"https:\/\/api.w.org\/{rel}","templated":true}]}}